{"id":13911,"date":"2020-08-31T20:51:25","date_gmt":"2020-08-31T20:51:25","guid":{"rendered":"https:\/\/barcelonaarquitectura.cat\/projectes\/"},"modified":"2026-04-10T13:06:23","modified_gmt":"2026-04-10T13:06:23","slug":"proyectos","status":"publish","type":"page","link":"https:\/\/barcelonaarquitectura.cat\/es\/proyectos\/","title":{"rendered":"Proyectos"},"content":{"rendered":"\n<div class=\"gb-element-cec654f7\">\n<div class=\"gb-element-efc48092\">\n<h1 class=\"gb-text gb-text-7f859f28\">Proyectos<\/h1>\n<\/div>\n<\/div>\n\n\n\n<div class=\"section-py gb-element-25da1e01\">\n<div class=\"section-px gb-element-0cca316d\">\n<div class=\"gb-element-1e025bec\">\n<div class=\"gb-element-ac2860e4\">\n<div>\n<div>\n<p class=\"gb-text gb-text-b1e29990\">Tipologia de Projecte<\/p>\n\n\n<div class=\"wpgb-facet wpgb-loading wpgb-facet-1\" data-facet=\"1\" data-grid=\"wpgb-content-block\/e03331d4304f4b1da63a9f2c63b8b91e\"><\/div><\/div>\n<\/div>\n\n\n\n<div>\n<div>\n<p class=\"gb-text gb-text-7afffab7\">Serveis realitzats<\/p>\n\n\n<div class=\"wpgb-facet wpgb-loading wpgb-facet-2\" data-facet=\"2\" data-grid=\"wpgb-content-block\/e03331d4304f4b1da63a9f2c63b8b91e\"><\/div><\/div>\n<\/div>\n\n\n\n<div>\n<div>\n<p class=\"gb-text gb-text-14b02e4b\">Ubicaci\u00f3<\/p>\n\n\n<div class=\"wpgb-facet wpgb-loading wpgb-facet-3\" data-facet=\"3\" data-grid=\"wpgb-content-block\/e03331d4304f4b1da63a9f2c63b8b91e\"><\/div><\/div>\n<\/div>\n<\/div>\n<\/div>\n\n\n\n<div data-options=\"{&quot;block&quot;:&quot;generateblocks\\\/query&quot;,&quot;itemSelector&quot;:&quot;.wpgb-content-blocke03331d4304f4b1da63a9f2c63b8b91e [class*=\\&quot;gb-looper-\\&quot;] &gt; *&quot;}\" class=\"gb-query-6b7a7891 wpgb-content-blocke03331d4304f4b1da63a9f2c63b8b91e\"><div class=\"gb-looper-093ab93a\">\n<div class=\"gb-loop-item gb-loop-item-067e9469 post-14196 projectes type-projectes status-publish has-post-thumbnail hentry\">\n<article class=\"gb-element-84abe1a5\">\n<a href=\"https:\/\/barcelonaarquitectura.cat\/es\/projectes\/coordinacion-de-seguridad-y-salud-en-obra-nueva-residencial-en-sant-boi-de-llobregat\/\"><img loading=\"lazy\" decoding=\"async\" width=\"2560\" height=\"1441\" data-media-id=\"14198\" class=\"gb-media-3f8849f2\" alt=\"Coordinaci\u00f3n de Seguridad y Salud en obra nueva residencial en Sant Boi de Llobregat\" src=\"https:\/\/barcelonaarquitectura.cat\/wp-content\/uploads\/2026\/03\/SF1-1-scaled.jpg\" srcset=\"https:\/\/barcelonaarquitectura.cat\/wp-content\/uploads\/2026\/03\/SF1-1-scaled.jpg 2560w, https:\/\/barcelonaarquitectura.cat\/wp-content\/uploads\/2026\/03\/SF1-1-300x169.jpg 300w, https:\/\/barcelonaarquitectura.cat\/wp-content\/uploads\/2026\/03\/SF1-1-1024x577.jpg 1024w, https:\/\/barcelonaarquitectura.cat\/wp-content\/uploads\/2026\/03\/SF1-1-768x432.jpg 768w, https:\/\/barcelonaarquitectura.cat\/wp-content\/uploads\/2026\/03\/SF1-1-1536x865.jpg 1536w, https:\/\/barcelonaarquitectura.cat\/wp-content\/uploads\/2026\/03\/SF1-1-2048x1153.jpg 2048w\" sizes=\"auto, (max-width: 2560px) 100vw, 2560px\" \/><\/a>\n\n\n\n<div class=\"gb-element-5bcb51db\">\n<h3 class=\"gb-text gb-text-47390d0e\"><a href=\"https:\/\/barcelonaarquitectura.cat\/es\/projectes\/coordinacion-de-seguridad-y-salud-en-obra-nueva-residencial-en-sant-boi-de-llobregat\/\">Coordinaci\u00f3n de Seguridad y Salud en obra nueva residencial en Sant Boi de Llobregat<\/a><\/h3>\n\n\n\n<div class=\"gb-element-8bd7cb3a\">\n<p class=\"gb-text gb-text-20de1826\"><span>Edificio de viviendas<\/span><\/p>\n\n\n\n<p class=\"gb-text gb-text-22aca7d5\"> | <\/p>\n\n\n\n<p class=\"gb-text gb-text-7107bbae\"><span>Sant Boi de Llobregat<\/span><\/p>\n<\/div>\n\n\n\n<div class=\"gb-element-5b66fe87\">\n\n\n<p class=\"gb-text gb-text-349a6f09\"><span>Nueva construcci\u00f3n<\/span><\/p>\n<\/div>\n\n\n\n<p class=\"gb-text gb-text-a552a494\">Proyecto de obra nueva residencial en Sant Boi de Llobregat, situado en la calle Eugeni d\u2019Ors, consistente en la construcci\u00f3n<\/p>\n<\/div>\n<\/article>\n<\/div>\n\n<div class=\"gb-loop-item gb-loop-item-067e9469 post-14193 projectes type-projectes status-publish has-post-thumbnail hentry\">\n<article class=\"gb-element-84abe1a5\">\n<a href=\"https:\/\/barcelonaarquitectura.cat\/es\/projectes\/direccion-de-ejecucion-de-obra-nueva-residencial-en-sabadell-c-valles\/\"><img loading=\"lazy\" decoding=\"async\" width=\"960\" height=\"759\" data-media-id=\"14194\" class=\"gb-media-3f8849f2\" alt=\"Direcci\u00f3n de Ejecuci\u00f3n de obra nueva residencial en Sabadell \u2013 C\/ Vall\u00e8s\" src=\"https:\/\/barcelonaarquitectura.cat\/wp-content\/uploads\/2026\/03\/projecte-arquitecte.jpg\" srcset=\"https:\/\/barcelonaarquitectura.cat\/wp-content\/uploads\/2026\/03\/projecte-arquitecte.jpg 960w, https:\/\/barcelonaarquitectura.cat\/wp-content\/uploads\/2026\/03\/projecte-arquitecte-300x237.jpg 300w, https:\/\/barcelonaarquitectura.cat\/wp-content\/uploads\/2026\/03\/projecte-arquitecte-768x607.jpg 768w\" sizes=\"auto, (max-width: 960px) 100vw, 960px\" \/><\/a>\n\n\n\n<div class=\"gb-element-5bcb51db\">\n<h3 class=\"gb-text gb-text-47390d0e\"><a href=\"https:\/\/barcelonaarquitectura.cat\/es\/projectes\/direccion-de-ejecucion-de-obra-nueva-residencial-en-sabadell-c-valles\/\">Direcci\u00f3n de Ejecuci\u00f3n de obra nueva residencial en Sabadell \u2013 C\/ Vall\u00e8s<\/a><\/h3>\n\n\n\n<div class=\"gb-element-8bd7cb3a\">\n<p class=\"gb-text gb-text-20de1826\"><span>Residencial<\/span><\/p>\n\n\n\n<p class=\"gb-text gb-text-22aca7d5\"> | <\/p>\n\n\n\n<p class=\"gb-text gb-text-7107bbae\"><span>Sabadell<\/span><\/p>\n<\/div>\n\n\n\n<div class=\"gb-element-5b66fe87\">\n\n\n<p class=\"gb-text gb-text-349a6f09\"><span>Nueva construcci\u00f3n<\/span><\/p>\n<\/div>\n\n\n\n<p class=\"gb-text gb-text-a552a494\">Proyecto de obra nueva residencial en Sabadell situado en la calle Vall\u00e8s, consistente en la construcci\u00f3n de un edificio plurifamiliar<\/p>\n<\/div>\n<\/article>\n<\/div>\n\n<div class=\"gb-loop-item gb-loop-item-067e9469 post-14190 projectes type-projectes status-publish has-post-thumbnail hentry\">\n<article class=\"gb-element-84abe1a5\">\n<a href=\"https:\/\/barcelonaarquitectura.cat\/es\/projectes\/direccio-dexecucio-dobra-nova-residencial-a-sabadell-c-horta-novella\/\"><img loading=\"lazy\" decoding=\"async\" width=\"1994\" height=\"2008\" data-media-id=\"14191\" class=\"gb-media-3f8849f2\" alt=\"Direcci\u00f3n de Ejecuci\u00f3n de obra nueva residencial en Sabadell \u2013 C\/ Horta Novella\" src=\"https:\/\/barcelonaarquitectura.cat\/wp-content\/uploads\/2026\/03\/2000-Horta-Novella-12-01.jpg\" srcset=\"https:\/\/barcelonaarquitectura.cat\/wp-content\/uploads\/2026\/03\/2000-Horta-Novella-12-01.jpg 1994w, https:\/\/barcelonaarquitectura.cat\/wp-content\/uploads\/2026\/03\/2000-Horta-Novella-12-01-298x300.jpg 298w, https:\/\/barcelonaarquitectura.cat\/wp-content\/uploads\/2026\/03\/2000-Horta-Novella-12-01-1017x1024.jpg 1017w, https:\/\/barcelonaarquitectura.cat\/wp-content\/uploads\/2026\/03\/2000-Horta-Novella-12-01-150x150.jpg 150w, https:\/\/barcelonaarquitectura.cat\/wp-content\/uploads\/2026\/03\/2000-Horta-Novella-12-01-768x773.jpg 768w, https:\/\/barcelonaarquitectura.cat\/wp-content\/uploads\/2026\/03\/2000-Horta-Novella-12-01-1525x1536.jpg 1525w\" sizes=\"auto, (max-width: 1994px) 100vw, 1994px\" \/><\/a>\n\n\n\n<div class=\"gb-element-5bcb51db\">\n<h3 class=\"gb-text gb-text-47390d0e\"><a href=\"https:\/\/barcelonaarquitectura.cat\/es\/projectes\/direccio-dexecucio-dobra-nova-residencial-a-sabadell-c-horta-novella\/\">Direcci\u00f3n de Ejecuci\u00f3n de obra nueva residencial en Sabadell \u2013 C\/ Horta Novella<\/a><\/h3>\n\n\n\n<div class=\"gb-element-8bd7cb3a\">\n<p class=\"gb-text gb-text-20de1826\"><span>Residencial<\/span><\/p>\n\n\n\n<p class=\"gb-text gb-text-22aca7d5\"> | <\/p>\n\n\n\n<p class=\"gb-text gb-text-7107bbae\"><span>Sabadell<\/span><\/p>\n<\/div>\n\n\n\n<div class=\"gb-element-5b66fe87\">\n\n\n<p class=\"gb-text gb-text-349a6f09\"><span>Edifici plurifamiliar<\/span><\/p>\n<\/div>\n\n\n\n<p class=\"gb-text gb-text-a552a494\">Proyecto de obra nueva residencial en Sabadell situado en la calle Horta Novella, consistente en la construcci\u00f3n de un edificio<\/p>\n<\/div>\n<\/article>\n<\/div>\n\n<div class=\"gb-loop-item gb-loop-item-067e9469 post-14187 projectes type-projectes status-publish has-post-thumbnail hentry\">\n<article class=\"gb-element-84abe1a5\">\n<a href=\"https:\/\/barcelonaarquitectura.cat\/es\/projectes\/direccion-de-ejecucion-de-obra-nueva-residencial-en-sabadell-rambla\/\"><img loading=\"lazy\" decoding=\"async\" width=\"1920\" height=\"2560\" data-media-id=\"14188\" class=\"gb-media-3f8849f2\" alt=\"Direcci\u00f3n de Ejecuci\u00f3n de obra nueva residencial en Sabadell \u2013 Rambla\" src=\"https:\/\/barcelonaarquitectura.cat\/wp-content\/uploads\/2026\/03\/1999-Rambla-136-01-scaled.jpg\" srcset=\"https:\/\/barcelonaarquitectura.cat\/wp-content\/uploads\/2026\/03\/1999-Rambla-136-01-scaled.jpg 1920w, https:\/\/barcelonaarquitectura.cat\/wp-content\/uploads\/2026\/03\/1999-Rambla-136-01-225x300.jpg 225w, https:\/\/barcelonaarquitectura.cat\/wp-content\/uploads\/2026\/03\/1999-Rambla-136-01-768x1024.jpg 768w, https:\/\/barcelonaarquitectura.cat\/wp-content\/uploads\/2026\/03\/1999-Rambla-136-01-1152x1536.jpg 1152w, https:\/\/barcelonaarquitectura.cat\/wp-content\/uploads\/2026\/03\/1999-Rambla-136-01-1536x2048.jpg 1536w\" sizes=\"auto, (max-width: 1920px) 100vw, 1920px\" \/><\/a>\n\n\n\n<div class=\"gb-element-5bcb51db\">\n<h3 class=\"gb-text gb-text-47390d0e\"><a href=\"https:\/\/barcelonaarquitectura.cat\/es\/projectes\/direccion-de-ejecucion-de-obra-nueva-residencial-en-sabadell-rambla\/\">Direcci\u00f3n de Ejecuci\u00f3n de obra nueva residencial en Sabadell \u2013 Rambla<\/a><\/h3>\n\n\n\n<div class=\"gb-element-8bd7cb3a\">\n<p class=\"gb-text gb-text-20de1826\"><span>Edificio de viviendas<\/span><\/p>\n\n\n\n<p class=\"gb-text gb-text-22aca7d5\"> | <\/p>\n\n\n<\/div>\n\n\n\n<div class=\"gb-element-5b66fe87\">\n\n\n<p class=\"gb-text gb-text-349a6f09\"><span>Nueva construcci\u00f3n<\/span><\/p>\n<\/div>\n\n\n\n<p class=\"gb-text gb-text-a552a494\">Proyecto de obra nueva residencial situado en la Rambla de Sabadell, consistente en la construcci\u00f3n de un edificio plurifamiliar con<\/p>\n<\/div>\n<\/article>\n<\/div>\n\n<div class=\"gb-loop-item gb-loop-item-067e9469 post-14184 projectes type-projectes status-publish has-post-thumbnail hentry\">\n<article class=\"gb-element-84abe1a5\">\n<a href=\"https:\/\/barcelonaarquitectura.cat\/es\/projectes\/direccio-dexecucio-dobra-nova-residencial-a-sabadell-pl-joan-morral\/\"><img loading=\"lazy\" decoding=\"async\" width=\"2560\" height=\"1920\" data-media-id=\"14185\" class=\"gb-media-3f8849f2\" alt=\"Direcci\u00f3n de Ejecuci\u00f3n de obra nueva residencial en Sabadell \u2013 Pl. Joan Morral\" src=\"https:\/\/barcelonaarquitectura.cat\/wp-content\/uploads\/2026\/01\/1996-Pl-Joan-Morral-Sabadell-01.jpg\" srcset=\"https:\/\/barcelonaarquitectura.cat\/wp-content\/uploads\/2026\/01\/1996-Pl-Joan-Morral-Sabadell-01.jpg 2560w, https:\/\/barcelonaarquitectura.cat\/wp-content\/uploads\/2026\/01\/1996-Pl-Joan-Morral-Sabadell-01-300x225.jpg 300w, https:\/\/barcelonaarquitectura.cat\/wp-content\/uploads\/2026\/01\/1996-Pl-Joan-Morral-Sabadell-01-1024x768.jpg 1024w, https:\/\/barcelonaarquitectura.cat\/wp-content\/uploads\/2026\/01\/1996-Pl-Joan-Morral-Sabadell-01-768x576.jpg 768w, https:\/\/barcelonaarquitectura.cat\/wp-content\/uploads\/2026\/01\/1996-Pl-Joan-Morral-Sabadell-01-1536x1152.jpg 1536w, https:\/\/barcelonaarquitectura.cat\/wp-content\/uploads\/2026\/01\/1996-Pl-Joan-Morral-Sabadell-01-2048x1536.jpg 2048w\" sizes=\"auto, (max-width: 2560px) 100vw, 2560px\" \/><\/a>\n\n\n\n<div class=\"gb-element-5bcb51db\">\n<h3 class=\"gb-text gb-text-47390d0e\"><a href=\"https:\/\/barcelonaarquitectura.cat\/es\/projectes\/direccio-dexecucio-dobra-nova-residencial-a-sabadell-pl-joan-morral\/\">Direcci\u00f3n de Ejecuci\u00f3n de obra nueva residencial en Sabadell \u2013 Pl. Joan Morral<\/a><\/h3>\n\n\n\n<div class=\"gb-element-8bd7cb3a\">\n<p class=\"gb-text gb-text-20de1826\"><span>Residencial<\/span><\/p>\n\n\n\n<p class=\"gb-text gb-text-22aca7d5\"> | <\/p>\n\n\n\n<p class=\"gb-text gb-text-7107bbae\"><span>Sabadell<\/span><\/p>\n<\/div>\n\n\n\n<div class=\"gb-element-5b66fe87\">\n\n\n<p class=\"gb-text gb-text-349a6f09\"><span>Edifici plurifamiliar<\/span><\/p>\n<\/div>\n\n\n\n<p class=\"gb-text gb-text-a552a494\">Proyecto de obra nueva residencial en Sabadell situado en la plaza Joan Morral, consistente en la construcci\u00f3n de un edificio<\/p>\n<\/div>\n<\/article>\n<\/div>\n\n<div class=\"gb-loop-item gb-loop-item-067e9469 post-14181 projectes type-projectes status-publish has-post-thumbnail hentry\">\n<article class=\"gb-element-84abe1a5\">\n<a href=\"https:\/\/barcelonaarquitectura.cat\/es\/projectes\/disseny-facanes-mur-cortina-cornella-citypark\/\"><img loading=\"lazy\" decoding=\"async\" width=\"2511\" height=\"1592\" data-media-id=\"14182\" class=\"gb-media-3f8849f2\" alt=\"Dise\u00f1o y ejecuci\u00f3n de fachadas de edificios de oficinas en Cornell\u00e0 de Llobregat \u2013 Citypark\" src=\"https:\/\/barcelonaarquitectura.cat\/wp-content\/uploads\/2026\/01\/1994-Citypark-Cornella-02.jpg\" srcset=\"https:\/\/barcelonaarquitectura.cat\/wp-content\/uploads\/2026\/01\/1994-Citypark-Cornella-02.jpg 2511w, https:\/\/barcelonaarquitectura.cat\/wp-content\/uploads\/2026\/01\/1994-Citypark-Cornella-02-300x190.jpg 300w, https:\/\/barcelonaarquitectura.cat\/wp-content\/uploads\/2026\/01\/1994-Citypark-Cornella-02-1024x649.jpg 1024w, https:\/\/barcelonaarquitectura.cat\/wp-content\/uploads\/2026\/01\/1994-Citypark-Cornella-02-768x487.jpg 768w, https:\/\/barcelonaarquitectura.cat\/wp-content\/uploads\/2026\/01\/1994-Citypark-Cornella-02-1536x974.jpg 1536w, https:\/\/barcelonaarquitectura.cat\/wp-content\/uploads\/2026\/01\/1994-Citypark-Cornella-02-2048x1298.jpg 2048w\" sizes=\"auto, (max-width: 2511px) 100vw, 2511px\" \/><\/a>\n\n\n\n<div class=\"gb-element-5bcb51db\">\n<h3 class=\"gb-text gb-text-47390d0e\"><a href=\"https:\/\/barcelonaarquitectura.cat\/es\/projectes\/disseny-facanes-mur-cortina-cornella-citypark\/\">Dise\u00f1o y ejecuci\u00f3n de fachadas de edificios de oficinas en Cornell\u00e0 de Llobregat \u2013 Citypark<\/a><\/h3>\n\n\n\n<div class=\"gb-element-8bd7cb3a\">\n<p class=\"gb-text gb-text-20de1826\"><span>Edificio de oficinas<\/span><\/p>\n\n\n\n<p class=\"gb-text gb-text-22aca7d5\"> | <\/p>\n\n\n\n<p class=\"gb-text gb-text-7107bbae\"><span>Cornell\u00e0 de Llobregat<\/span><\/p>\n<\/div>\n\n\n\n<div class=\"gb-element-5b66fe87\">\n\n\n<p class=\"gb-text gb-text-349a6f09\"><span>Edificio de oficinas<\/span><\/p>\n<\/div>\n\n\n\n<p class=\"gb-text gb-text-a552a494\">Proyecto de obra nueva en Cornell\u00e0 de Llobregat para la construcci\u00f3n del conjunto Citypark, formado por varios edificios destinados a<\/p>\n<\/div>\n<\/article>\n<\/div>\n\n<div class=\"gb-loop-item gb-loop-item-067e9469 post-14169 projectes type-projectes status-publish has-post-thumbnail hentry\">\n<article class=\"gb-element-84abe1a5\">\n<a href=\"https:\/\/barcelonaarquitectura.cat\/es\/projectes\/direccio-execucio-obra-nova-residencial-barcelona\/\"><img loading=\"lazy\" decoding=\"async\" width=\"2560\" height=\"1441\" data-media-id=\"14171\" class=\"gb-media-3f8849f2\" alt=\"Direcci\u00f3n de Ejecuci\u00f3n de obra nueva de vivienda unifamiliar con sistema steelframe en Barcelona\" src=\"https:\/\/barcelonaarquitectura.cat\/wp-content\/uploads\/2026\/01\/05.obra-nova-habitatge-industrialitzat-aillament-facana-05-scaled.jpg\" srcset=\"https:\/\/barcelonaarquitectura.cat\/wp-content\/uploads\/2026\/01\/05.obra-nova-habitatge-industrialitzat-aillament-facana-05-scaled.jpg 2560w, https:\/\/barcelonaarquitectura.cat\/wp-content\/uploads\/2026\/01\/05.obra-nova-habitatge-industrialitzat-aillament-facana-05-300x169.jpg 300w, https:\/\/barcelonaarquitectura.cat\/wp-content\/uploads\/2026\/01\/05.obra-nova-habitatge-industrialitzat-aillament-facana-05-1024x576.jpg 1024w, https:\/\/barcelonaarquitectura.cat\/wp-content\/uploads\/2026\/01\/05.obra-nova-habitatge-industrialitzat-aillament-facana-05-768x432.jpg 768w, https:\/\/barcelonaarquitectura.cat\/wp-content\/uploads\/2026\/01\/05.obra-nova-habitatge-industrialitzat-aillament-facana-05-1536x865.jpg 1536w, https:\/\/barcelonaarquitectura.cat\/wp-content\/uploads\/2026\/01\/05.obra-nova-habitatge-industrialitzat-aillament-facana-05-2048x1153.jpg 2048w\" sizes=\"auto, (max-width: 2560px) 100vw, 2560px\" \/><\/a>\n\n\n\n<div class=\"gb-element-5bcb51db\">\n<h3 class=\"gb-text gb-text-47390d0e\"><a href=\"https:\/\/barcelonaarquitectura.cat\/es\/projectes\/direccio-execucio-obra-nova-residencial-barcelona\/\">Direcci\u00f3n de Ejecuci\u00f3n de obra nueva de vivienda unifamiliar con sistema steelframe en Barcelona<\/a><\/h3>\n\n\n\n<div class=\"gb-element-8bd7cb3a\">\n<p class=\"gb-text gb-text-20de1826\"><span>Residencial<\/span><\/p>\n\n\n\n<p class=\"gb-text gb-text-22aca7d5\"> | <\/p>\n\n\n\n<p class=\"gb-text gb-text-7107bbae\"><span>Barcelona<\/span><\/p>\n<\/div>\n\n\n\n<div class=\"gb-element-5b66fe87\">\n\n\n<p class=\"gb-text gb-text-349a6f09\"><span>Nueva construcci\u00f3n<\/span><\/p>\n<\/div>\n\n\n\n<p class=\"gb-text gb-text-a552a494\">Proyecto de obra nueva residencial para la construcci\u00f3n de una vivienda unifamiliar de planta baja, desarrollada con un sistema constructivo<\/p>\n<\/div>\n<\/article>\n<\/div>\n\n<div class=\"gb-loop-item gb-loop-item-067e9469 post-14158 projectes type-projectes status-publish has-post-thumbnail hentry\">\n<article class=\"gb-element-84abe1a5\">\n<a href=\"https:\/\/barcelonaarquitectura.cat\/es\/projectes\/direccio-obra-habitatges-adossats-palau-solita\/\"><img loading=\"lazy\" decoding=\"async\" width=\"2560\" height=\"1440\" data-media-id=\"14159\" class=\"gb-media-3f8849f2\" alt=\"Direcci\u00f3n de Ejecuci\u00f3n de obra nueva de viviendas adosadas en Palau-Solit\u00e0 i Plegamans\" src=\"https:\/\/barcelonaarquitectura.cat\/wp-content\/uploads\/2026\/01\/01.habitatges-adossats-obra-nova-palau-solita-plegamans-2020-vista-general.jpg-scaled.jpg\" srcset=\"https:\/\/barcelonaarquitectura.cat\/wp-content\/uploads\/2026\/01\/01.habitatges-adossats-obra-nova-palau-solita-plegamans-2020-vista-general.jpg-scaled.jpg 2560w, https:\/\/barcelonaarquitectura.cat\/wp-content\/uploads\/2026\/01\/01.habitatges-adossats-obra-nova-palau-solita-plegamans-2020-vista-general.jpg-300x169.jpg 300w, https:\/\/barcelonaarquitectura.cat\/wp-content\/uploads\/2026\/01\/01.habitatges-adossats-obra-nova-palau-solita-plegamans-2020-vista-general.jpg-1024x576.jpg 1024w, https:\/\/barcelonaarquitectura.cat\/wp-content\/uploads\/2026\/01\/01.habitatges-adossats-obra-nova-palau-solita-plegamans-2020-vista-general.jpg-768x432.jpg 768w, https:\/\/barcelonaarquitectura.cat\/wp-content\/uploads\/2026\/01\/01.habitatges-adossats-obra-nova-palau-solita-plegamans-2020-vista-general.jpg-1536x864.jpg 1536w, https:\/\/barcelonaarquitectura.cat\/wp-content\/uploads\/2026\/01\/01.habitatges-adossats-obra-nova-palau-solita-plegamans-2020-vista-general.jpg-2048x1152.jpg 2048w\" sizes=\"auto, (max-width: 2560px) 100vw, 2560px\" \/><\/a>\n\n\n\n<div class=\"gb-element-5bcb51db\">\n<h3 class=\"gb-text gb-text-47390d0e\"><a href=\"https:\/\/barcelonaarquitectura.cat\/es\/projectes\/direccio-obra-habitatges-adossats-palau-solita\/\">Direcci\u00f3n de Ejecuci\u00f3n de obra nueva de viviendas adosadas en Palau-Solit\u00e0 i Plegamans<\/a><\/h3>\n\n\n\n<div class=\"gb-element-8bd7cb3a\">\n<p class=\"gb-text gb-text-20de1826\"><span>Residencial<\/span><\/p>\n\n\n\n<p class=\"gb-text gb-text-22aca7d5\"> | <\/p>\n\n\n\n<p class=\"gb-text gb-text-7107bbae\"><span>Palau-solit\u00e0 i Plegamans<\/span><\/p>\n<\/div>\n\n\n\n<div class=\"gb-element-5b66fe87\">\n\n\n<p class=\"gb-text gb-text-349a6f09\"><span>Nueva construcci\u00f3n<\/span><\/p>\n<\/div>\n\n\n\n<p class=\"gb-text gb-text-a552a494\">Proyecto de obra nueva residencial en Palau-Solit\u00e0 i Plegamans, situado en la calle Blas de Otero, consistente en la construcci\u00f3n<\/p>\n<\/div>\n<\/article>\n<\/div>\n\n<div class=\"gb-loop-item gb-loop-item-067e9469 post-14131 projectes type-projectes status-publish has-post-thumbnail hentry\">\n<article class=\"gb-element-84abe1a5\">\n<a href=\"https:\/\/barcelonaarquitectura.cat\/es\/projectes\/direccio-obra-obra-nova-residencial-pals\/\"><img loading=\"lazy\" decoding=\"async\" width=\"2560\" height=\"1222\" data-media-id=\"14133\" class=\"gb-media-3f8849f2\" alt=\"Direcci\u00f3n de Ejecuci\u00f3n de obra nueva de vivienda unifamiliar de madera en Pals\" src=\"https:\/\/barcelonaarquitectura.cat\/wp-content\/uploads\/2026\/01\/casa-unifamiliar-aillada-obra-nova-facana-pedra-scaled.jpg\" srcset=\"https:\/\/barcelonaarquitectura.cat\/wp-content\/uploads\/2026\/01\/casa-unifamiliar-aillada-obra-nova-facana-pedra-scaled.jpg 2560w, https:\/\/barcelonaarquitectura.cat\/wp-content\/uploads\/2026\/01\/casa-unifamiliar-aillada-obra-nova-facana-pedra-300x143.jpg 300w, https:\/\/barcelonaarquitectura.cat\/wp-content\/uploads\/2026\/01\/casa-unifamiliar-aillada-obra-nova-facana-pedra-1024x489.jpg 1024w, https:\/\/barcelonaarquitectura.cat\/wp-content\/uploads\/2026\/01\/casa-unifamiliar-aillada-obra-nova-facana-pedra-768x367.jpg 768w, https:\/\/barcelonaarquitectura.cat\/wp-content\/uploads\/2026\/01\/casa-unifamiliar-aillada-obra-nova-facana-pedra-1536x733.jpg 1536w, https:\/\/barcelonaarquitectura.cat\/wp-content\/uploads\/2026\/01\/casa-unifamiliar-aillada-obra-nova-facana-pedra-2048x978.jpg 2048w\" sizes=\"auto, (max-width: 2560px) 100vw, 2560px\" \/><\/a>\n\n\n\n<div class=\"gb-element-5bcb51db\">\n<h3 class=\"gb-text gb-text-47390d0e\"><a href=\"https:\/\/barcelonaarquitectura.cat\/es\/projectes\/direccio-obra-obra-nova-residencial-pals\/\">Direcci\u00f3n de Ejecuci\u00f3n de obra nueva de vivienda unifamiliar de madera en Pals<\/a><\/h3>\n\n\n\n<div class=\"gb-element-8bd7cb3a\">\n<p class=\"gb-text gb-text-20de1826\"><span>Residencial<\/span><\/p>\n\n\n\n<p class=\"gb-text gb-text-22aca7d5\"> | <\/p>\n\n\n\n<p class=\"gb-text gb-text-7107bbae\"><span>Pals<\/span><\/p>\n<\/div>\n\n\n\n<div class=\"gb-element-5b66fe87\">\n\n\n<p class=\"gb-text gb-text-349a6f09\"><span>Nueva construcci\u00f3n<\/span><\/p>\n<\/div>\n\n\n\n<p class=\"gb-text gb-text-a552a494\">Proyecto de obra nueva de una vivienda unifamiliar de planta baja situada en Sant Juli\u00e0 de Boada (Pals), en un<\/p>\n<\/div>\n<\/article>\n<\/div>\n<\/div><\/div>\n\n\n\n<div class=\"gb-element-666fb087\"><div class=\"wpgb-facet wpgb-loading wpgb-facet-4 wpgb-style-1\" data-facet=\"4\" data-grid=\"wpgb-content-block\/e03331d4304f4b1da63a9f2c63b8b91e\"><\/div><\/div>\n<\/div>\n<\/div>\n\n\n\n<div class=\"gb-element-c3931b2a\">\n<div class=\"gb-element-7beffa3b\">\n<div class=\"gb-element-f5e2f297\">\n<p class=\"gb-text gb-text-621ca9f3\">Qui\u00e9nes somos<\/p>\n\n\n\n<h2 class=\"gb-text gb-text-977fe9ca\">Rigor t\u00e9cnico y experiencia pr\u00e1ctica en el sector de la construcci\u00f3n al servicio del proyecto.<\/h2>\n\n\n\n<div class=\"gb-text-4555b697\"><span class=\"gb-shape\"><svg xmlns=\"http:\/\/www.w3.org\/2000\/svg\" viewBox=\"0 0 36.7 3\"><path d=\"M0 0h36.7v3H0z\"><\/path><\/svg><\/span><\/div>\n\n\n\n<p class=\"gb-text gb-text-82e61908\">Barcelona Arquitectura es un estudio de arquitectura con sede en Sabadell, dirigido por Tom\u00e0s Pardo, un aparejador colegiado con m\u00e1s de 33 a\u00f1os de experiencia en obra nueva, rehabilitaci\u00f3n y direcci\u00f3n de obras.<br>Su trayectoria profesional como jefes de obra, jefes de producci\u00f3n y t\u00e9cnicos de proyectos les ha proporcionado una visi\u00f3n global del proceso de construcci\u00f3n, lo que se refleja en proyectos ejecutados con pericia t\u00e9cnica y un riguroso control y seguimiento in situ.<\/p>\n\n\n\n<a class=\"gb-text btn-contrast-2\" href=\"https:\/\/barcelonaarquitectura.cat\/es\/contacto\/\">Con\u00f3cenos<\/a>\n<\/div>\n<\/div>\n\n\n\n<div class=\"gb-element-fe2313ba\"><\/div>\n<\/div>\n","protected":false},"excerpt":{"rendered":"<p>Proyectos Tipologia de Projecte Serveis realitzats Ubicaci\u00f3 Qui\u00e9nes somos Rigor t\u00e9cnico y experiencia pr\u00e1ctica en el sector de la construcci\u00f3n al servicio del proyecto. Barcelona Arquitectura es un estudio de arquitectura con sede en Sabadell, dirigido por Tom\u00e0s Pardo, un aparejador colegiado con m\u00e1s de 33 a\u00f1os de experiencia en obra nueva, rehabilitaci\u00f3n y direcci\u00f3n &#8230; <a title=\"Proyectos\" class=\"read-more\" href=\"https:\/\/barcelonaarquitectura.cat\/es\/proyectos\/\" aria-label=\"Leer m\u00e1s sobre Proyectos\">Leer m\u00e1s<\/a><\/p>\n","protected":false},"author":1,"featured_media":0,"parent":0,"menu_order":12,"comment_status":"closed","ping_status":"closed","template":"","meta":{"_acf_changed":false,"footnotes":""},"class_list":["post-13911","page","type-page","status-publish"],"acf":[],"_links":{"self":[{"href":"https:\/\/barcelonaarquitectura.cat\/es\/wp-json\/wp\/v2\/pages\/13911","targetHints":{"allow":["GET"]}}],"collection":[{"href":"https:\/\/barcelonaarquitectura.cat\/es\/wp-json\/wp\/v2\/pages"}],"about":[{"href":"https:\/\/barcelonaarquitectura.cat\/es\/wp-json\/wp\/v2\/types\/page"}],"author":[{"embeddable":true,"href":"https:\/\/barcelonaarquitectura.cat\/es\/wp-json\/wp\/v2\/users\/1"}],"replies":[{"embeddable":true,"href":"https:\/\/barcelonaarquitectura.cat\/es\/wp-json\/wp\/v2\/comments?post=13911"}],"version-history":[{"count":2,"href":"https:\/\/barcelonaarquitectura.cat\/es\/wp-json\/wp\/v2\/pages\/13911\/revisions"}],"predecessor-version":[{"id":13916,"href":"https:\/\/barcelonaarquitectura.cat\/es\/wp-json\/wp\/v2\/pages\/13911\/revisions\/13916"}],"wp:attachment":[{"href":"https:\/\/barcelonaarquitectura.cat\/es\/wp-json\/wp\/v2\/media?parent=13911"}],"curies":[{"name":"wp","href":"https:\/\/api.w.org\/{rel}","templated":true}]}}